{"id":215,"date":"2019-09-17T15:02:18","date_gmt":"2019-09-17T15:02:18","guid":{"rendered":"https:\/\/www.cornwallcottage.eu\/?page_id=215"},"modified":"2019-09-18T10:19:21","modified_gmt":"2019-09-18T10:19:21","slug":"new-forge-cottage","status":"publish","type":"page","link":"https:\/\/www.cornwallcottage.eu\/de\/","title":{"rendered":"New Forge Cottage"},"content":{"rendered":"\n<p>Sie suchen nach einem individuell und modern eingerichteten Cottage im wundersch\u00f6nen Westen von Cornwall, bei dem an alles gedacht wurde und das eine Vielzahl von interessanten Ausflugsm\u00f6glichkeiten in der Umgebung bietet ? Dann sind Sie mit New Forge f\u00fcndig geworden!<\/p>\n\n\n\n<p>New Forge liegt am ruhigen und abgeschiedenen Ende des kleinen Weilers Tregiffian ca. 3 Meilen von Land&#8217;s End und nur einen kurzen Spaziergang von den bekannten Surf- und Badestr\u00e4nden von Sennen und Gwenver in der Whitesand Bay. Weitere interessante Ziele liegen nicht weit entfernt, wie z.B. das Minack Open Air Theater in Porthcurno, die Zinnminen von Geevor und Levant in Pendeen, die pr\u00e4historischen Steinkreise und Menhire von Men-an-tol und Merry Maidens, die ehemalige Minenstadt und Weltkulturerbe St Just, der wegen seiner Anziehung auf K\u00fcnstler bekannte K\u00fcstenort St Ives, sowie Penzance mit dem St Michael&#8217;s Mount. Und nicht zu vergessen: Der South West Coast Path (kurz : Coastal Path), ein K\u00fcstenwanderweg, der auf \u00fcber 1000 km der S\u00fcdwestk\u00fcste Englands folgt und hier von St.Ives bis Penzance die Penwith-Halbinsel umrundet und mit Etappen aufwartet, die zu den sch\u00f6nsten der gesamten Strecke z\u00e4hlen. Andere bekannte Attraktionen in Cornwall, wie z.B. die Lizard-Halbinsel, das Eden Project oder die Lost Gardens of Heligan sind mit ca. 1-2 Stunden Fahrtzeit ebenfalls gut erreichbar.<\/p>\n","protected":false},"excerpt":{"rendered":"<p>Sie suchen nach einem individuell und modern eingerichteten Cottage im wundersch\u00f6nen Westen von Cornwall, bei dem an alles gedacht wurde und das eine Vielzahl von interessanten Ausflugsm\u00f6glichkeiten in der Umgebung bietet ? Dann sind Sie mit New Forge f\u00fcndig geworden! New Forge liegt am ruhigen und abgeschiedenen Ende des kleinen Weilers Tregiffian ca. 3 Meilen &hellip; <\/p>\n<p class=\"link-more\"><a href=\"https:\/\/www.cornwallcottage.eu\/de\/\" class=\"more-link\"><span class=\"screen-reader-text\">\u201eNew Forge Cottage\u201c<\/span> weiterlesen<\/a><\/p>\n","protected":false},"author":1,"featured_media":137,"parent":0,"menu_order":0,"comment_status":"closed","ping_status":"closed","template":"","meta":{"footnotes":""},"class_list":["post-215","page","type-page","status-publish","has-post-thumbnail","hentry"],"_links":{"self":[{"href":"https:\/\/www.cornwallcottage.eu\/de\/wp-json\/wp\/v2\/pages\/215","targetHints":{"allow":["GET"]}}],"collection":[{"href":"https:\/\/www.cornwallcottage.eu\/de\/wp-json\/wp\/v2\/pages"}],"about":[{"href":"https:\/\/www.cornwallcottage.eu\/de\/wp-json\/wp\/v2\/types\/page"}],"author":[{"embeddable":true,"href":"https:\/\/www.cornwallcottage.eu\/de\/wp-json\/wp\/v2\/users\/1"}],"replies":[{"embeddable":true,"href":"https:\/\/www.cornwallcottage.eu\/de\/wp-json\/wp\/v2\/comments?post=215"}],"version-history":[{"count":2,"href":"https:\/\/www.cornwallcottage.eu\/de\/wp-json\/wp\/v2\/pages\/215\/revisions"}],"predecessor-version":[{"id":230,"href":"https:\/\/www.cornwallcottage.eu\/de\/wp-json\/wp\/v2\/pages\/215\/revisions\/230"}],"wp:featuredmedia":[{"embeddable":true,"href":"https:\/\/www.cornwallcottage.eu\/de\/wp-json\/wp\/v2\/media\/137"}],"wp:attachment":[{"href":"https:\/\/www.cornwallcottage.eu\/de\/wp-json\/wp\/v2\/media?parent=215"}],"curies":[{"name":"wp","href":"https:\/\/api.w.org\/{rel}","templated":true}]}}