{"id":211,"date":"2019-09-17T14:59:36","date_gmt":"2019-09-17T14:59:36","guid":{"rendered":"https:\/\/www.cornwallcottage.eu\/?page_id=211"},"modified":"2019-09-23T10:45:19","modified_gmt":"2019-09-23T10:45:19","slug":"details","status":"publish","type":"page","link":"https:\/\/www.cornwallcottage.eu\/de\/details\/","title":{"rendered":"Details"},"content":{"rendered":"\n<h3 class=\"wp-block-heading\">Erdgescho\u00df<\/h3>\n\n\n\n<ul class=\"wp-block-gallery columns-3 is-cropped wp-block-gallery-1 is-layout-flex wp-block-gallery-is-layout-flex\"><li class=\"blocks-gallery-item\"><figure><a href=\"https:\/\/www.cornwallcottage.eu\/wp-content\/uploads\/2019\/09\/details-dining2.jpg\"><img loading=\"lazy\" decoding=\"async\" width=\"1000\" height=\"750\" src=\"https:\/\/www.cornwallcottage.eu\/wp-content\/uploads\/2019\/09\/details-dining2.jpg\" alt=\"Dining room\" data-id=\"112\" data-link=\"https:\/\/www.cornwallcottage.eu\/de\/details-dining2-2\/\" class=\"wp-image-112\" srcset=\"https:\/\/www.cornwallcottage.eu\/wp-content\/uploads\/2019\/09\/details-dining2.jpg 1000w, https:\/\/www.cornwallcottage.eu\/wp-content\/uploads\/2019\/09\/details-dining2-300x225.jpg 300w, https:\/\/www.cornwallcottage.eu\/wp-content\/uploads\/2019\/09\/details-dining2-768x576.jpg 768w\" sizes=\"auto, (max-width: 767px) 89vw, (max-width: 1000px) 54vw, (max-width: 1071px) 543px, 580px\" \/><\/a><\/figure><\/li><li class=\"blocks-gallery-item\"><figure><a href=\"https:\/\/www.cornwallcottage.eu\/wp-content\/uploads\/2019\/09\/details-living.jpg\"><img loading=\"lazy\" decoding=\"async\" width=\"1000\" height=\"750\" src=\"https:\/\/www.cornwallcottage.eu\/wp-content\/uploads\/2019\/09\/details-living.jpg\" alt=\"Living room\" data-id=\"117\" data-link=\"https:\/\/www.cornwallcottage.eu\/de\/details-living-2\/\" class=\"wp-image-117\" srcset=\"https:\/\/www.cornwallcottage.eu\/wp-content\/uploads\/2019\/09\/details-living.jpg 1000w, https:\/\/www.cornwallcottage.eu\/wp-content\/uploads\/2019\/09\/details-living-300x225.jpg 300w, https:\/\/www.cornwallcottage.eu\/wp-content\/uploads\/2019\/09\/details-living-768x576.jpg 768w\" sizes=\"auto, (max-width: 767px) 89vw, (max-width: 1000px) 54vw, (max-width: 1071px) 543px, 580px\" \/><\/a><\/figure><\/li><li class=\"blocks-gallery-item\"><figure><a href=\"https:\/\/www.cornwallcottage.eu\/wp-content\/uploads\/2019\/09\/details-dining.jpg\"><img loading=\"lazy\" decoding=\"async\" width=\"1000\" height=\"750\" src=\"https:\/\/www.cornwallcottage.eu\/wp-content\/uploads\/2019\/09\/details-dining.jpg\" alt=\"Dining room\" data-id=\"111\" data-link=\"https:\/\/www.cornwallcottage.eu\/de\/details-dining-2\/\" class=\"wp-image-111\" srcset=\"https:\/\/www.cornwallcottage.eu\/wp-content\/uploads\/2019\/09\/details-dining.jpg 1000w, https:\/\/www.cornwallcottage.eu\/wp-content\/uploads\/2019\/09\/details-dining-300x225.jpg 300w, https:\/\/www.cornwallcottage.eu\/wp-content\/uploads\/2019\/09\/details-dining-768x576.jpg 768w\" sizes=\"auto, (max-width: 767px) 89vw, (max-width: 1000px) 54vw, (max-width: 1071px) 543px, 580px\" \/><\/a><\/figure><\/li><li class=\"blocks-gallery-item\"><figure><a href=\"https:\/\/www.cornwallcottage.eu\/wp-content\/uploads\/2019\/09\/details-dining-living-1024x333.jpg\"><img loading=\"lazy\" decoding=\"async\" width=\"1024\" height=\"333\" src=\"https:\/\/www.cornwallcottage.eu\/wp-content\/uploads\/2019\/09\/details-dining-living-1024x333.jpg\" alt=\"Living room\" data-id=\"110\" data-link=\"https:\/\/www.cornwallcottage.eu\/de\/details-dining-living-2\/\" class=\"wp-image-110\" srcset=\"https:\/\/www.cornwallcottage.eu\/wp-content\/uploads\/2019\/09\/details-dining-living-1024x333.jpg 1024w, https:\/\/www.cornwallcottage.eu\/wp-content\/uploads\/2019\/09\/details-dining-living-300x98.jpg 300w, https:\/\/www.cornwallcottage.eu\/wp-content\/uploads\/2019\/09\/details-dining-living-768x250.jpg 768w, https:\/\/www.cornwallcottage.eu\/wp-content\/uploads\/2019\/09\/details-dining-living.jpg 2000w\" sizes=\"auto, (max-width: 767px) 89vw, (max-width: 1000px) 54vw, (max-width: 1071px) 543px, 580px\" \/><\/a><\/figure><\/li><\/ul>\n\n\n\n<h4 class=\"wp-block-heading\">Ess- und Wohnbereich<\/h4>\n\n\n\n<p>Je 2 gro\u00dfe Tische f\u00fcr 6 oder mehr Personen, 2 Doppelfenstert\u00fcren, die in den Garten f\u00fchren, mehrere kleine Fenster, ein Dachfl\u00e4chenfenster und ein gro\u00dfes Giebelfenster. Fernseher, Radio, CD- und DVD-Player <\/p>\n\n\n\n<div class=\"wp-block-columns has-3-columns is-layout-flex wp-container-core-columns-is-layout-1 wp-block-columns-is-layout-flex\">\n<div class=\"wp-block-column is-layout-flow wp-block-column-is-layout-flow\">\n<figure class=\"wp-block-image\"><a href=\"https:\/\/www.cornwallcottage.eu\/wp-content\/uploads\/2019\/09\/details-kitchen.jpg\"><img loading=\"lazy\" decoding=\"async\" width=\"1000\" height=\"750\" src=\"https:\/\/www.cornwallcottage.eu\/wp-content\/uploads\/2019\/09\/details-kitchen.jpg\" alt=\"\" class=\"wp-image-43\" srcset=\"https:\/\/www.cornwallcottage.eu\/wp-content\/uploads\/2019\/09\/details-kitchen.jpg 1000w, https:\/\/www.cornwallcottage.eu\/wp-content\/uploads\/2019\/09\/details-kitchen-300x225.jpg 300w, https:\/\/www.cornwallcottage.eu\/wp-content\/uploads\/2019\/09\/details-kitchen-768x576.jpg 768w\" sizes=\"auto, (max-width: 767px) 89vw, (max-width: 1000px) 54vw, (max-width: 1071px) 543px, 580px\" \/><\/a><\/figure>\n\n\n\n<h4 class=\"wp-block-heading\">K\u00fcche<\/h4>\n\n\n\n<p>Induktions-Herd und Induktions-Wok, Geschirrsp\u00fclmaschine, Backofen\/Mikrowellen-Kombination, gro\u00dfer K\u00fchlschrank mit integriertem Eisschrank, Toaster. Gro\u00dfe K\u00fccheninsel mit 2 Barhockern <\/p>\n<\/div>\n\n\n\n<div class=\"wp-block-column is-layout-flow wp-block-column-is-layout-flow\">\n<figure class=\"wp-block-image\"><a href=\"https:\/\/www.cornwallcottage.eu\/wp-content\/uploads\/2019\/09\/details-bathroom.jpg\"><img loading=\"lazy\" decoding=\"async\" width=\"1000\" height=\"750\" src=\"https:\/\/www.cornwallcottage.eu\/wp-content\/uploads\/2019\/09\/details-bathroom.jpg\" alt=\"\" class=\"wp-image-34\" srcset=\"https:\/\/www.cornwallcottage.eu\/wp-content\/uploads\/2019\/09\/details-bathroom.jpg 1000w, https:\/\/www.cornwallcottage.eu\/wp-content\/uploads\/2019\/09\/details-bathroom-300x225.jpg 300w, https:\/\/www.cornwallcottage.eu\/wp-content\/uploads\/2019\/09\/details-bathroom-768x576.jpg 768w\" sizes=\"auto, (max-width: 767px) 89vw, (max-width: 1000px) 54vw, (max-width: 1071px) 543px, 580px\" \/><\/a><\/figure>\n\n\n\n<h4 class=\"wp-block-heading\">Badezimmer<\/h4>\n\n\n\n<p>Waschbecken, WC, Badewanne, separate Dusche <\/p>\n<\/div>\n\n\n\n<div class=\"wp-block-column is-layout-flow wp-block-column-is-layout-flow\">\n<figure class=\"wp-block-image\"><a href=\"https:\/\/www.cornwallcottage.eu\/wp-content\/uploads\/2019\/09\/details-bedroom.jpg\"><img loading=\"lazy\" decoding=\"async\" width=\"1000\" height=\"750\" src=\"https:\/\/www.cornwallcottage.eu\/wp-content\/uploads\/2019\/09\/details-bedroom.jpg\" alt=\"\" class=\"wp-image-36\" srcset=\"https:\/\/www.cornwallcottage.eu\/wp-content\/uploads\/2019\/09\/details-bedroom.jpg 1000w, https:\/\/www.cornwallcottage.eu\/wp-content\/uploads\/2019\/09\/details-bedroom-300x225.jpg 300w, https:\/\/www.cornwallcottage.eu\/wp-content\/uploads\/2019\/09\/details-bedroom-768x576.jpg 768w\" sizes=\"auto, (max-width: 767px) 89vw, (max-width: 1000px) 54vw, (max-width: 1071px) 543px, 580px\" \/><\/a><\/figure>\n\n\n\n<h4 class=\"wp-block-heading\">Schlafzimmer<\/h4>\n\n\n\n<p>2 Einzelbetten, Einbauschrank, kleiner Fernseher <\/p>\n<\/div>\n<\/div>\n\n\n\n<h4 class=\"wp-block-heading\">Ger\u00e4teraum<\/h4>\n\n\n\n<p>Direkt neben dem Eingang mit Garderobe, Waschmaschine mit integriertem Trockner, Staubsauger, B\u00fcgeleisen und B\u00fcgelbrett, sowie der Heizungsanlage. Ein Haartrockner, sowie Babybett und Hochstuhl sind ebenfalls vorhanden <\/p>\n\n\n\n<h3 class=\"wp-block-heading\">Obergescho\u00df<\/h3>\n\n\n\n<h4 class=\"wp-block-heading\">Schlafzimmer<\/h4>\n\n\n\n<p>Gro\u00dfes Doppelbett, Einbauschr\u00e4nke, 2 Dachfl\u00e4chenfenster, Doppelfenstert\u00fcr mit Gel\u00e4nder mit fantastischem Blick ins umliegende Land bis Chapel Carn Brea (diesen H\u00fcgel sollte man unbedingt bei sch\u00f6nem Wetter einmal besteigen, von da aus hat man einen traumhaften Panoramablick \u00fcber die gesamte Penwith-Halbinsel). <\/p>\n\n\n\n<ul class=\"wp-block-gallery columns-3 is-cropped wp-block-gallery-2 is-layout-flex wp-block-gallery-is-layout-flex\"><li class=\"blocks-gallery-item\"><figure><a href=\"https:\/\/www.cornwallcottage.eu\/wp-content\/uploads\/2019\/09\/details-main-bedroom1.jpg\"><img loading=\"lazy\" decoding=\"async\" width=\"1000\" height=\"750\" src=\"https:\/\/www.cornwallcottage.eu\/wp-content\/uploads\/2019\/09\/details-main-bedroom1.jpg\" alt=\"\" data-id=\"45\" data-link=\"https:\/\/www.cornwallcottage.eu\/details-main-bedroom1\/\" class=\"wp-image-45\" srcset=\"https:\/\/www.cornwallcottage.eu\/wp-content\/uploads\/2019\/09\/details-main-bedroom1.jpg 1000w, https:\/\/www.cornwallcottage.eu\/wp-content\/uploads\/2019\/09\/details-main-bedroom1-300x225.jpg 300w, https:\/\/www.cornwallcottage.eu\/wp-content\/uploads\/2019\/09\/details-main-bedroom1-768x576.jpg 768w\" sizes=\"auto, (max-width: 767px) 89vw, (max-width: 1000px) 54vw, (max-width: 1071px) 543px, 580px\" \/><\/a><\/figure><\/li><li class=\"blocks-gallery-item\"><figure><a href=\"https:\/\/www.cornwallcottage.eu\/wp-content\/uploads\/2019\/09\/details-main-bedroom2.jpg\"><img loading=\"lazy\" decoding=\"async\" width=\"1000\" height=\"750\" src=\"https:\/\/www.cornwallcottage.eu\/wp-content\/uploads\/2019\/09\/details-main-bedroom2.jpg\" alt=\"\" data-id=\"46\" data-link=\"https:\/\/www.cornwallcottage.eu\/details-main-bedroom2\/\" class=\"wp-image-46\" srcset=\"https:\/\/www.cornwallcottage.eu\/wp-content\/uploads\/2019\/09\/details-main-bedroom2.jpg 1000w, https:\/\/www.cornwallcottage.eu\/wp-content\/uploads\/2019\/09\/details-main-bedroom2-300x225.jpg 300w, https:\/\/www.cornwallcottage.eu\/wp-content\/uploads\/2019\/09\/details-main-bedroom2-768x576.jpg 768w\" sizes=\"auto, (max-width: 767px) 89vw, (max-width: 1000px) 54vw, (max-width: 1071px) 543px, 580px\" \/><\/a><\/figure><\/li><li class=\"blocks-gallery-item\"><figure><a href=\"https:\/\/www.cornwallcottage.eu\/wp-content\/uploads\/2019\/09\/details-main-bedroom3.jpg\"><img loading=\"lazy\" decoding=\"async\" width=\"1000\" height=\"750\" src=\"https:\/\/www.cornwallcottage.eu\/wp-content\/uploads\/2019\/09\/details-main-bedroom3.jpg\" alt=\"\" data-id=\"47\" data-link=\"https:\/\/www.cornwallcottage.eu\/details-main-bedroom3\/\" class=\"wp-image-47\" srcset=\"https:\/\/www.cornwallcottage.eu\/wp-content\/uploads\/2019\/09\/details-main-bedroom3.jpg 1000w, https:\/\/www.cornwallcottage.eu\/wp-content\/uploads\/2019\/09\/details-main-bedroom3-300x225.jpg 300w, https:\/\/www.cornwallcottage.eu\/wp-content\/uploads\/2019\/09\/details-main-bedroom3-768x576.jpg 768w\" sizes=\"auto, (max-width: 767px) 89vw, (max-width: 1000px) 54vw, (max-width: 1071px) 543px, 580px\" \/><\/a><\/figure><\/li><li class=\"blocks-gallery-item\"><figure><a href=\"https:\/\/www.cornwallcottage.eu\/wp-content\/uploads\/2019\/09\/details-main-bedroom5-1024x333.jpg\"><img loading=\"lazy\" decoding=\"async\" width=\"1024\" height=\"333\" src=\"https:\/\/www.cornwallcottage.eu\/wp-content\/uploads\/2019\/09\/details-main-bedroom5-1024x333.jpg\" alt=\"\" data-id=\"49\" data-link=\"https:\/\/www.cornwallcottage.eu\/details-main-bedroom5\/\" class=\"wp-image-49\" srcset=\"https:\/\/www.cornwallcottage.eu\/wp-content\/uploads\/2019\/09\/details-main-bedroom5-1024x333.jpg 1024w, https:\/\/www.cornwallcottage.eu\/wp-content\/uploads\/2019\/09\/details-main-bedroom5-300x98.jpg 300w, https:\/\/www.cornwallcottage.eu\/wp-content\/uploads\/2019\/09\/details-main-bedroom5-768x250.jpg 768w, https:\/\/www.cornwallcottage.eu\/wp-content\/uploads\/2019\/09\/details-main-bedroom5.jpg 2000w\" sizes=\"auto, (max-width: 767px) 89vw, (max-width: 1000px) 54vw, (max-width: 1071px) 543px, 580px\" \/><\/a><\/figure><\/li><\/ul>\n\n\n\n<h4 class=\"wp-block-heading\">Studio<\/h4>\n\n\n\n<p>Kleines Studio (\u201eKaj\u00fcte\u201c) mit ausziehbarer Schlafcouch (f\u00fcr 2 Personen), Dachfl\u00e4chenfenster mit Blick auf das umliegende Land, Giebelfenster mit Blick auf den Hof<\/p>\n\n\n\n<div class=\"wp-block-image\"><figure class=\"aligncenter is-resized\"><a href=\"https:\/\/www.cornwallcottage.eu\/wp-content\/uploads\/2019\/09\/details-studio.jpg\"><img loading=\"lazy\" decoding=\"async\" src=\"https:\/\/www.cornwallcottage.eu\/wp-content\/uploads\/2019\/09\/details-studio.jpg\" alt=\"\" class=\"wp-image-50\" width=\"309\" height=\"232\" srcset=\"https:\/\/www.cornwallcottage.eu\/wp-content\/uploads\/2019\/09\/details-studio.jpg 1000w, https:\/\/www.cornwallcottage.eu\/wp-content\/uploads\/2019\/09\/details-studio-300x225.jpg 300w, https:\/\/www.cornwallcottage.eu\/wp-content\/uploads\/2019\/09\/details-studio-768x576.jpg 768w\" sizes=\"auto, (max-width: 309px) 100vw, 309px\" \/><\/a><\/figure><\/div>\n\n\n\n<h4 class=\"wp-block-heading\">Kleines Badezimmer<\/h4>\n\n\n\n<p>Kleines Badezimmer mit Waschbecken und WC, Dachfl\u00e4chenfenster mit Blick auf Sennen Cove und Longship Lighthouse<\/p>\n\n\n\n<h4 class=\"wp-block-heading\">Garten<\/h4>\n\n\n\n<ul class=\"wp-block-gallery columns-3 is-cropped wp-block-gallery-3 is-layout-flex wp-block-gallery-is-layout-flex\"><li class=\"blocks-gallery-item\"><figure><a href=\"https:\/\/www.cornwallcottage.eu\/wp-content\/uploads\/2019\/09\/details-garden1.jpg\"><img loading=\"lazy\" decoding=\"async\" width=\"1000\" height=\"750\" src=\"https:\/\/www.cornwallcottage.eu\/wp-content\/uploads\/2019\/09\/details-garden1.jpg\" alt=\"Garden\" data-id=\"114\" data-link=\"https:\/\/www.cornwallcottage.eu\/de\/details-garden1-2\/\" class=\"wp-image-114\" srcset=\"https:\/\/www.cornwallcottage.eu\/wp-content\/uploads\/2019\/09\/details-garden1.jpg 1000w, https:\/\/www.cornwallcottage.eu\/wp-content\/uploads\/2019\/09\/details-garden1-300x225.jpg 300w, https:\/\/www.cornwallcottage.eu\/wp-content\/uploads\/2019\/09\/details-garden1-768x576.jpg 768w\" sizes=\"auto, (max-width: 767px) 89vw, (max-width: 1000px) 54vw, (max-width: 1071px) 543px, 580px\" \/><\/a><\/figure><\/li><li class=\"blocks-gallery-item\"><figure><a href=\"https:\/\/www.cornwallcottage.eu\/wp-content\/uploads\/2019\/09\/details-garden2.jpg\"><img loading=\"lazy\" decoding=\"async\" width=\"1000\" height=\"750\" src=\"https:\/\/www.cornwallcottage.eu\/wp-content\/uploads\/2019\/09\/details-garden2.jpg\" alt=\"Garden\" data-id=\"115\" data-link=\"https:\/\/www.cornwallcottage.eu\/de\/details-garden2-2\/\" class=\"wp-image-115\" srcset=\"https:\/\/www.cornwallcottage.eu\/wp-content\/uploads\/2019\/09\/details-garden2.jpg 1000w, https:\/\/www.cornwallcottage.eu\/wp-content\/uploads\/2019\/09\/details-garden2-300x225.jpg 300w, https:\/\/www.cornwallcottage.eu\/wp-content\/uploads\/2019\/09\/details-garden2-768x576.jpg 768w\" sizes=\"auto, (max-width: 767px) 89vw, (max-width: 1000px) 54vw, (max-width: 1071px) 543px, 580px\" \/><\/a><\/figure><\/li><li class=\"blocks-gallery-item\"><figure><a href=\"https:\/\/www.cornwallcottage.eu\/wp-content\/uploads\/2019\/09\/IMG_0951-1024x768.jpg\"><img loading=\"lazy\" decoding=\"async\" width=\"1024\" height=\"768\" src=\"https:\/\/www.cornwallcottage.eu\/wp-content\/uploads\/2019\/09\/IMG_0951-1024x768.jpg\" alt=\"\" data-id=\"249\" data-link=\"https:\/\/www.cornwallcottage.eu\/de\/details\/img_0951-2\/\" class=\"wp-image-249\" srcset=\"https:\/\/www.cornwallcottage.eu\/wp-content\/uploads\/2019\/09\/IMG_0951-1024x768.jpg 1024w, https:\/\/www.cornwallcottage.eu\/wp-content\/uploads\/2019\/09\/IMG_0951-300x225.jpg 300w, https:\/\/www.cornwallcottage.eu\/wp-content\/uploads\/2019\/09\/IMG_0951-768x576.jpg 768w\" sizes=\"auto, (max-width: 767px) 89vw, (max-width: 1000px) 54vw, (max-width: 1071px) 543px, 580px\" \/><\/a><\/figure><\/li><\/ul>\n\n\n\n<p>Ruhig und abgeschieden mit mehreren Holzsesseln zum Sitzen, Ausruhen oder Lesen, sowie einer Tisch- und Bankkombination zum Essen in direkter N\u00e4he zum Au\u00dfengrill. Separates Geb\u00e4ude mit Studioraum und Ger\u00e4teschuppen.<\/p>\n","protected":false},"excerpt":{"rendered":"<p>Erdgescho\u00df Ess- und Wohnbereich Je 2 gro\u00dfe Tische f\u00fcr 6 oder mehr Personen, 2 Doppelfenstert\u00fcren, die in den Garten f\u00fchren, mehrere kleine Fenster, ein Dachfl\u00e4chenfenster und ein gro\u00dfes Giebelfenster. Fernseher, Radio, CD- und DVD-Player K\u00fcche Induktions-Herd und Induktions-Wok, Geschirrsp\u00fclmaschine, Backofen\/Mikrowellen-Kombination, gro\u00dfer K\u00fchlschrank mit integriertem Eisschrank, Toaster. Gro\u00dfe K\u00fccheninsel mit 2 Barhockern Badezimmer Waschbecken, WC, Badewanne, &hellip; <\/p>\n<p class=\"link-more\"><a href=\"https:\/\/www.cornwallcottage.eu\/de\/details\/\" class=\"more-link\"><span class=\"screen-reader-text\">\u201eDetails\u201c<\/span> weiterlesen<\/a><\/p>\n","protected":false},"author":1,"featured_media":138,"parent":0,"menu_order":0,"comment_status":"closed","ping_status":"closed","template":"","meta":{"footnotes":""},"class_list":["post-211","page","type-page","status-publish","has-post-thumbnail","hentry"],"_links":{"self":[{"href":"https:\/\/www.cornwallcottage.eu\/de\/wp-json\/wp\/v2\/pages\/211","targetHints":{"allow":["GET"]}}],"collection":[{"href":"https:\/\/www.cornwallcottage.eu\/de\/wp-json\/wp\/v2\/pages"}],"about":[{"href":"https:\/\/www.cornwallcottage.eu\/de\/wp-json\/wp\/v2\/types\/page"}],"author":[{"embeddable":true,"href":"https:\/\/www.cornwallcottage.eu\/de\/wp-json\/wp\/v2\/users\/1"}],"replies":[{"embeddable":true,"href":"https:\/\/www.cornwallcottage.eu\/de\/wp-json\/wp\/v2\/comments?post=211"}],"version-history":[{"count":5,"href":"https:\/\/www.cornwallcottage.eu\/de\/wp-json\/wp\/v2\/pages\/211\/revisions"}],"predecessor-version":[{"id":263,"href":"https:\/\/www.cornwallcottage.eu\/de\/wp-json\/wp\/v2\/pages\/211\/revisions\/263"}],"wp:featuredmedia":[{"embeddable":true,"href":"https:\/\/www.cornwallcottage.eu\/de\/wp-json\/wp\/v2\/media\/138"}],"wp:attachment":[{"href":"https:\/\/www.cornwallcottage.eu\/de\/wp-json\/wp\/v2\/media?parent=211"}],"curies":[{"name":"wp","href":"https:\/\/api.w.org\/{rel}","templated":true}]}}