{"id":207,"date":"2019-09-17T14:52:25","date_gmt":"2019-09-17T14:52:25","guid":{"rendered":"https:\/\/www.cornwallcottage.eu\/?page_id=207"},"modified":"2019-09-17T14:52:26","modified_gmt":"2019-09-17T14:52:26","slug":"ueber-new-forge","status":"publish","type":"page","link":"https:\/\/www.cornwallcottage.eu\/de\/ueber-new-forge\/","title":{"rendered":"\u00dcber New Forge"},"content":{"rendered":"\n<p>New Forge wurde 2010 komplett neu nach heutigen Standards aufgebaut und erweitert. Bei der Einrichtung wurde auf individuelle und hochwertige Komponenten geachtet. Alles, was man f\u00fcr einen Urlaub mit Selbstverpflegung braucht, ist vorhanden. Im Erdgescho\u00df kommt man durch den kleinen Flur direkt in den gro\u00dfz\u00fcgigen K\u00fcchen-, Ess- und Wohnbereich. Ein Schlafzimmer mit 2 Einzelbetten und einem Einbauschrank schlie\u00dft sich an. Vom Flur gelangt man ins ger\u00e4umige Badezimmer. Nebenan ist ein abgetrennter Raum mit Garderobe, Waschmaschine und der Heizungsanlage. \u00dcber die Treppe gelangt man ins Obergescho\u00df mit dem Hauptschlafraum, der ein Doppelbett und mehrere Einbauschr\u00e4nke, sowie einen sch\u00f6nen Blick in die Landschaft bietet. Daran schlie\u00dft sich ein kleiner WC-Raum und das Studio (\u201edie Kaj\u00fcte\u201c) mit einem ausziehbaren Schlafsofa an, das im Bedarfsfall als R\u00fcckzugsraum oder f\u00fcr kleine Kinder genutzt werden kann.<\/p>\n","protected":false},"excerpt":{"rendered":"<p>New Forge wurde 2010 komplett neu nach heutigen Standards aufgebaut und erweitert. Bei der Einrichtung wurde auf individuelle und hochwertige Komponenten geachtet. Alles, was man f\u00fcr einen Urlaub mit Selbstverpflegung braucht, ist vorhanden. Im Erdgescho\u00df kommt man durch den kleinen Flur direkt in den gro\u00dfz\u00fcgigen K\u00fcchen-, Ess- und Wohnbereich. Ein Schlafzimmer mit 2 Einzelbetten und &hellip; <\/p>\n<p class=\"link-more\"><a href=\"https:\/\/www.cornwallcottage.eu\/de\/ueber-new-forge\/\" class=\"more-link\"><span class=\"screen-reader-text\">\u201e\u00dcber New Forge\u201c<\/span> weiterlesen<\/a><\/p>\n","protected":false},"author":1,"featured_media":136,"parent":0,"menu_order":0,"comment_status":"closed","ping_status":"closed","template":"","meta":{"footnotes":""},"class_list":["post-207","page","type-page","status-publish","has-post-thumbnail","hentry"],"_links":{"self":[{"href":"https:\/\/www.cornwallcottage.eu\/de\/wp-json\/wp\/v2\/pages\/207","targetHints":{"allow":["GET"]}}],"collection":[{"href":"https:\/\/www.cornwallcottage.eu\/de\/wp-json\/wp\/v2\/pages"}],"about":[{"href":"https:\/\/www.cornwallcottage.eu\/de\/wp-json\/wp\/v2\/types\/page"}],"author":[{"embeddable":true,"href":"https:\/\/www.cornwallcottage.eu\/de\/wp-json\/wp\/v2\/users\/1"}],"replies":[{"embeddable":true,"href":"https:\/\/www.cornwallcottage.eu\/de\/wp-json\/wp\/v2\/comments?post=207"}],"version-history":[{"count":1,"href":"https:\/\/www.cornwallcottage.eu\/de\/wp-json\/wp\/v2\/pages\/207\/revisions"}],"predecessor-version":[{"id":208,"href":"https:\/\/www.cornwallcottage.eu\/de\/wp-json\/wp\/v2\/pages\/207\/revisions\/208"}],"wp:featuredmedia":[{"embeddable":true,"href":"https:\/\/www.cornwallcottage.eu\/de\/wp-json\/wp\/v2\/media\/136"}],"wp:attachment":[{"href":"https:\/\/www.cornwallcottage.eu\/de\/wp-json\/wp\/v2\/media?parent=207"}],"curies":[{"name":"wp","href":"https:\/\/api.w.org\/{rel}","templated":true}]}}